{"id":6607,"date":"2024-12-13T15:24:20","date_gmt":"2024-12-13T14:24:20","guid":{"rendered":"https:\/\/blog.ttoine.net\/?page_id=6607"},"modified":"2026-04-10T11:52:29","modified_gmt":"2026-04-10T09:52:29","slug":"talks","status":"publish","type":"page","link":"https:\/\/blog.ttoine.net\/en\/talks\/","title":{"rendered":"Talks"},"content":{"rendered":"\n<p>I give talks at conferences every years to share my work, including &#8212; but not only &#8212; about community management, developer delations, legal compliance and open source. I also organise, produce and record webinars.<\/p>\n\n\n\n<p>I have been a speaker at:<\/p>\n\n\n\n<ul class=\"wp-block-list\">\n<li>Solution Linux<\/li>\n\n\n\n<li>Paris Open Source Experience<\/li>\n\n\n\n<li>Eclipse Con<\/li>\n\n\n\n<li>Linux Open Source Summit Europe<\/li>\n\n\n\n<li>OW2 Con<\/li>\n\n\n\n<li>PrestaShop Days &amp; Friends of Presta Days<\/li>\n\n\n\n<li>Voxxed Days<\/li>\n<\/ul>\n\n\n\n<p>And many more&#8230;<\/p>\n\n\n\n<p>Below is the playlist of talks that are recorded and (still) available on Youtube:<\/p>\n\n\n\n<figure class=\"wp-block-embed is-type-video is-provider-youtube wp-block-embed-youtube wp-embed-aspect-16-9 wp-has-aspect-ratio\"><div class=\"wp-block-embed__wrapper\">\n<iframe loading=\"lazy\" title=\"Talks by Antoine BAYARD-THOMAS aka ttoine\" width=\"1600\" height=\"900\" src=\"https:\/\/www.youtube.com\/embed\/videoseries?list=PLjAtGCWpLZPTjRpCAHfeFpIjBG_gyJJjQ\" frameborder=\"0\" allow=\"accelerometer; autoplay; clipboard-write; encrypted-media; gyroscope; picture-in-picture; web-share\" referrerpolicy=\"strict-origin-when-cross-origin\" allowfullscreen><\/iframe>\n<\/div><\/figure>\n","protected":false},"excerpt":{"rendered":"<p>I give talks at conferences every years to share my work, including &#8212; but not only &#8212; about community management, developer delations, legal compliance and open source. I also organise, produce and record webinars. I have been a speaker at: And many more&#8230; Below is the playlist of talks that are recorded and (still) available [&hellip;]<\/p>\n","protected":false},"author":1,"featured_media":0,"parent":0,"menu_order":0,"comment_status":"closed","ping_status":"closed","template":"","meta":{"inline_featured_image":false,"jetpack_post_was_ever_published":false,"_locale":"en_US","_original_post":"https:\/\/blog.ttoine.net\/?page_id=6607","footnotes":""},"class_list":["post-6607","page","type-page","status-publish","hentry","en-US"],"jetpack_sharing_enabled":true,"jetpack-related-posts":[{"id":1281,"url":"https:\/\/blog.ttoine.net\/en\/publications\/","url_meta":{"origin":6607,"position":0},"title":"Publications","author":"Antoine THOMAS","date":"27 November 2017","format":false,"excerpt":"This list is a selection and is not comprehensive. Cette liste est une s\u00e9lection et n'est pas exhaustive. Hyland: TLDR: Docker and legal compliance - 2023 - Best practices about distributing software with Docker image and Docker files. TLDR: the LGPL license explained - 2023 - Basics about LGPL and\u2026","rel":"","context":"Similar post","block_context":{"text":"Similar post","link":""},"img":{"alt_text":"","src":"","width":0,"height":0},"classes":[]},{"id":6618,"url":"https:\/\/blog.ttoine.net\/en\/about-open-source\/","url_meta":{"origin":6607,"position":1},"title":"About open source","author":"Antoine THOMAS","date":"13 December 2024","format":false,"excerpt":"A list of useful articles, white papers, tweets (punchlines) and a video to learn and understand open source project management, the difference between a project and products, why people contribute, and other interesting information. I built this page for I often have to share this kind of resources with my\u2026","rel":"","context":"Similar post","block_context":{"text":"Similar post","link":""},"img":{"alt_text":"","src":"https:\/\/i0.wp.com\/img.youtube.com\/vi\/a8fHgx9mE5U\/0.jpg?resize=350%2C200","width":350,"height":200},"classes":[]},{"id":1043,"url":"https:\/\/blog.ttoine.net\/en\/inspiration\/","url_meta":{"origin":6607,"position":2},"title":"Inspiration","author":"Antoine THOMAS","date":"9 May 2016","format":false,"excerpt":"I listen to a lot of music, I play it and I record it. But what I like the most are live and gigs. Here is a selection of artists and bands, not sorted, whose live performance impressed or touched me. Radiohead (x2) The Raconteurs (!!!!!!!!!!!!!!!!!!!) Beck Battles DaftPunk (Alive)\u2026","rel":"","context":"Similar post","block_context":{"text":"Similar post","link":""},"img":{"alt_text":"","src":"https:\/\/i0.wp.com\/blog.ttoine.net\/files\/2015\/10\/people-party-dancing-music.jpg?resize=350%2C200&ssl=1","width":350,"height":200,"srcset":"https:\/\/i0.wp.com\/blog.ttoine.net\/files\/2015\/10\/people-party-dancing-music.jpg?resize=350%2C200&ssl=1 1x, https:\/\/i0.wp.com\/blog.ttoine.net\/files\/2015\/10\/people-party-dancing-music.jpg?resize=525%2C300&ssl=1 1.5x, https:\/\/i0.wp.com\/blog.ttoine.net\/files\/2015\/10\/people-party-dancing-music.jpg?resize=700%2C400&ssl=1 2x, https:\/\/i0.wp.com\/blog.ttoine.net\/files\/2015\/10\/people-party-dancing-music.jpg?resize=1050%2C600&ssl=1 3x, https:\/\/i0.wp.com\/blog.ttoine.net\/files\/2015\/10\/people-party-dancing-music.jpg?resize=1400%2C800&ssl=1 4x"},"classes":[]},{"id":1050,"url":"https:\/\/blog.ttoine.net\/en\/me-contacter\/","url_meta":{"origin":6607,"position":3},"title":"Contact me","author":"Antoine THOMAS","date":"9 May 2016","format":false,"excerpt":"Contact information Antoine THOMAS 542 route des Eymards, La Sapini\u00e8re 11 38250 Lans en Vercors France T\u00e9l : +33(0)6 63 13 79 06 On the\u00a0internet Email\u00a0: contact \"at\" ttoine \"point\" net. IRC\u00a0on\u00a0Freenode : my\u00a0nickname is\u00a0ttoine. For other information, see the links. You can also use the form below or let\u2026","rel":"","context":"Similar post","block_context":{"text":"Similar post","link":""},"img":{"alt_text":"","src":"https:\/\/i0.wp.com\/blog.ttoine.net\/files\/2016\/05\/pexels-photo.jpg?resize=350%2C200&ssl=1","width":350,"height":200,"srcset":"https:\/\/i0.wp.com\/blog.ttoine.net\/files\/2016\/05\/pexels-photo.jpg?resize=350%2C200&ssl=1 1x, https:\/\/i0.wp.com\/blog.ttoine.net\/files\/2016\/05\/pexels-photo.jpg?resize=525%2C300&ssl=1 1.5x, https:\/\/i0.wp.com\/blog.ttoine.net\/files\/2016\/05\/pexels-photo.jpg?resize=700%2C400&ssl=1 2x, https:\/\/i0.wp.com\/blog.ttoine.net\/files\/2016\/05\/pexels-photo.jpg?resize=1050%2C600&ssl=1 3x, https:\/\/i0.wp.com\/blog.ttoine.net\/files\/2016\/05\/pexels-photo.jpg?resize=1400%2C800&ssl=1 4x"},"classes":[]},{"id":161,"url":"https:\/\/blog.ttoine.net\/me-contacter\/","url_meta":{"origin":6607,"position":4},"title":"Me contacter","author":"Antoine THOMAS","date":"16 November 2010","format":false,"excerpt":"Coordonn\u00e9es Antoine THOMAS 542 route des Eymards, La Sapini\u00e8re 11 38250 Lans en Vercors France T\u00e9l : +33(0)6 63 13 79 06 Sur internet Courriel\u00a0: contact \"at\" ttoine \"point\" net. IRC sur Freenode : mon nickname est ttoine. Pour le reste, voir les liens. Vous pouvez \u00e9galement utiliser le formulaire\u2026","rel":"","context":"Similar post","block_context":{"text":"Similar post","link":""},"img":{"alt_text":"","src":"https:\/\/i0.wp.com\/blog.ttoine.net\/files\/2016\/05\/pexels-photo.jpg?resize=350%2C200&ssl=1","width":350,"height":200,"srcset":"https:\/\/i0.wp.com\/blog.ttoine.net\/files\/2016\/05\/pexels-photo.jpg?resize=350%2C200&ssl=1 1x, https:\/\/i0.wp.com\/blog.ttoine.net\/files\/2016\/05\/pexels-photo.jpg?resize=525%2C300&ssl=1 1.5x, https:\/\/i0.wp.com\/blog.ttoine.net\/files\/2016\/05\/pexels-photo.jpg?resize=700%2C400&ssl=1 2x, https:\/\/i0.wp.com\/blog.ttoine.net\/files\/2016\/05\/pexels-photo.jpg?resize=1050%2C600&ssl=1 3x, https:\/\/i0.wp.com\/blog.ttoine.net\/files\/2016\/05\/pexels-photo.jpg?resize=1400%2C800&ssl=1 4x"},"classes":[]}],"_links":{"self":[{"href":"https:\/\/blog.ttoine.net\/wp-json\/wp\/v2\/pages\/6607","targetHints":{"allow":["GET"]}}],"collection":[{"href":"https:\/\/blog.ttoine.net\/wp-json\/wp\/v2\/pages"}],"about":[{"href":"https:\/\/blog.ttoine.net\/wp-json\/wp\/v2\/types\/page"}],"author":[{"embeddable":true,"href":"https:\/\/blog.ttoine.net\/wp-json\/wp\/v2\/users\/1"}],"replies":[{"embeddable":true,"href":"https:\/\/blog.ttoine.net\/wp-json\/wp\/v2\/comments?post=6607"}],"version-history":[{"count":2,"href":"https:\/\/blog.ttoine.net\/wp-json\/wp\/v2\/pages\/6607\/revisions"}],"predecessor-version":[{"id":6655,"href":"https:\/\/blog.ttoine.net\/wp-json\/wp\/v2\/pages\/6607\/revisions\/6655"}],"wp:attachment":[{"href":"https:\/\/blog.ttoine.net\/wp-json\/wp\/v2\/media?parent=6607"}],"curies":[{"name":"wp","href":"https:\/\/api.w.org\/{rel}","templated":true}]}}