{"id":1281,"date":"2017-11-27T16:36:03","date_gmt":"2017-11-27T15:36:03","guid":{"rendered":"http:\/\/blog.ttoine.net\/?page_id=1281"},"modified":"2026-02-06T14:30:29","modified_gmt":"2026-02-06T13:30:29","slug":"publications","status":"publish","type":"page","link":"https:\/\/blog.ttoine.net\/en\/publications\/","title":{"rendered":"Publications"},"content":{"rendered":"<p>This list is a selection and is not comprehensive.<br \/>\nCette liste est une s\u00e9lection et n&#8217;est pas exhaustive.<\/p>\n<p><strong>Hyland:<\/strong><\/p>\n<ul>\n<li><a href=\"https:\/\/hub.alfresco.com\/t5\/alfresco-content-services-blog\/tldr-docker-and-legal-compliance\/ba-p\/315453\">TLDR: Docker and legal compliance<\/a> &#8211; 2023 &#8211; Best practices about distributing software with Docker image and Docker files.<\/li>\n<li><a href=\"https:\/\/hub.alfresco.com\/t5\/alfresco-content-services-blog\/tldr-the-lgpl-license-explained\/ba-p\/314998\">TLDR: the LGPL license explained<\/a> &#8211; 2023 &#8211; Basics about LGPL and how it applies to Alfresco Community software, Alfresco Hub<\/li>\n<\/ul>\n<p><strong>PrestaShop:<\/strong><\/p>\n<ul>\n<li><a href=\"https:\/\/www.latribune.fr\/opinions\/tribunes\/l-open-source-est-l-origine-et-l-avenir-des-technologies-de-l-information-907231.html\">L&#8217;Open Source est l&#8217;origine et l&#8217;avenir des technologies de l&#8217;information<\/a> &#8211; 2022 &#8211; Annonce que PrestaShop fait partie de la PHP Foundation, d&#8217;OW2 et d&#8217;OSPO.zone<\/li>\n<li>Open source, PrestaShop, project, company, etc. &#8211; <a href=\"https:\/\/www.prestashop.com\/en\/blog\/open-source-prestashop-project-company\">EN<\/a> &#8211;\u00a0<a href=\"https:\/\/www.prestashop.com\/fr\/blog\/open-source-prestashop-projet-entreprise\">FR<\/a> &#8211; <a href=\"https:\/\/www.prestashop.com\/es\/blog\/codigo-abierto-prestashop\">ES<\/a> &#8211; <a href=\"https:\/\/www.prestashop.com\/it\/blog\/open-source-prestashop-progetto-azienda\">IT<\/a> &#8211; 2019 &#8211; Explaining how PrestaShop is doing open source and the difference between a project and a product<\/li>\n<li><a href=\"https:\/\/www.vaisonet.com\/fr\/blog\/prestashop\/interview-antoine-thomas-prestashop.html\">Interview for partner Vaisonet &#8211;<\/a>\u00a02018, with classic questions and answers about open source<\/li>\n<\/ul>\n<p><strong>Opensource.com:<\/strong><\/p>\n<ul>\n<li><a href=\"https:\/\/opensource.com\/article\/19\/5\/tips-managing-community\">10 tips for managing an open source community<\/a> &#8211; 2019 &#8211; Work better with developers, users, and even trolls with these best practices for open source projects.<\/li>\n<li><a href=\"https:\/\/opensource.com\/article\/19\/1\/cups-printing-linux\">Tips and tricks for using CUPS for printing with Linux<\/a> &#8211; 2019 &#8211;\u00a0The story of one of Apple&#8217;s most important contributions to GNU\/Linux was adopting CUPS in Mac OS X.<\/li>\n<li><a href=\"https:\/\/opensource.com\/article\/18\/2\/open-source-audio-visual-production-tools\">23 open source audio-visual production tools<\/a> &#8211; 2018 &#8211; A list of cross platform , open source source softwares and tools to produce content, graphics, video, audio and art<\/li>\n<li>Recording live presentations &#8211; <a href=\"https:\/\/opensource.com\/article\/17\/9\/equipment-recording-presentations\">Part 1,\u00a0Choosing your equipment<\/a> &#8211; <a href=\"https:\/\/opensource.com\/article\/17\/9\/equipment-setup-live-presentations\">Part 2,\u00a0Software setup<\/a> &#8211; <a href=\"https:\/\/opensource.com\/article\/17\/9\/recording-and-troubleshooting-live-presentations\">Part 3,\u00a0Recording and troubleshooting<\/a>\u00a0&#8211; 2017 &#8211; Using OBS, Inkscape, Ubuntu and specific equipment, sponsored by the Eclipse Foundation<\/li>\n<li><a href=\"https:\/\/opensource.com\/life\/16\/9\/my-linux-story-musician\">Linux helped me grow as a musician<\/a>\u00a0&#8211; 2016 &#8211; My story of Ubuntu Studio&#8217;s birth<\/li>\n<li><a href=\"https:\/\/opensource.com\/business\/14\/12\/community-management-tips-2015\">5 community managers give their biggest tip for 2015<\/a><\/li>\n<li>Profile and comments : <a href=\"https:\/\/opensource.com\/users\/ttoine\">https:\/\/opensource.com\/users\/ttoine<\/a><\/li>\n<\/ul>\n<p><strong>Eclipse Foundation<\/strong>:<\/p>\n<ul>\n<li><a href=\"https:\/\/www.eclipse.org\/community\/eclipse_newsletter\/2017\/february\/article6.php\">Tutorial \u2013 Eclipse Marketplace &amp; Favourites List<\/a> &#8211; 2017 &#8211; In order to collect user feedback about integration of the marketplace into the Eclipse IDE<\/li>\n<li><a href=\"https:\/\/wiki.eclipse.org\/Eclipse_User_Profile\">Specifications of Eclipse.org user profile<\/a>\u00a0&#8211; 2016 -&gt; 2017 &#8211; and <a href=\"https:\/\/ttoine.github.io\/eclipse-user-profile\/user-profile.html#overview\">clickable sketchy mock-ups<\/a> done with WireframeSketcher<\/li>\n<li>Other articles are available on this blog.<\/li>\n<\/ul>\n<p><strong>Commitstrip:<\/strong><\/p>\n<ul>\n<li>The infamous 3rd lead &#8211; <a href=\"https:\/\/www.commitstrip.com\/en\/2014\/06\/27\/the-infamous-3rd-lead\/#\">EN<\/a> &#8211; <a href=\"https:\/\/www.commitstrip.com\/fr\/2014\/06\/27\/the-infamous-3rd-lead\/?setLocale=1\">FR<\/a> &#8211; 2014 &#8211; Idea is from me, based on a true story<\/li>\n<\/ul>\n<p><strong>Bonitasoft:<\/strong><\/p>\n<ul>\n<li><a href=\"https:\/\/community.bonitasoft.com\/how-add-custom-javascript-your-bonita-bpm-forms\">How to add custom Javascript in your Bonita BPM Forms<\/a>\u00a0&#8211; 2014- Tutorial<\/li>\n<li><a href=\"https:\/\/community.bonitasoft.com\/how-build-bonita-bpm-sources\">How to build Bonita BPM from sources<\/a> &#8211; <a href=\"https:\/\/github.com\/Bonitasoft-Community\/Build-Bonita-BPM\">Script hosted on Github<\/a>\u00a0&#8211; 2014 &#8211; Using Maven, Git and Bash<\/li>\n<li>Full Open Source setup of Bonita Open Solution &#8211; <a href=\"https:\/\/community.bonitasoft.com\/full-open-source-setup-bonita-open-solution-part-1-studio\">Part 1, Studio<\/a> &#8211; <a href=\"https:\/\/community.bonitasoft.com\/full-open-source-setup-bonita-open-solution-part-2-server\">Part 2, Server<\/a> &#8211; 2013 &#8211; The reference installation guide for version 5.10.x<\/li>\n<li><a href=\"https:\/\/community.bonitasoft.com\/bonita-escape-game\">The &#8220;Bonita Escape&#8221; game<\/a> &#8211; 2013 &#8211; In the top 5 of the company campaigns of the year, albeit published in November \ud83d\ude42<\/li>\n<li>My profile on community.bonitasoft.com has been disabled, so I can&#8217;t add a link to my answers on the Q&amp;A.<\/li>\n<\/ul>\n<p><strong>Ubuntu Studio:<\/strong><\/p>\n<ul>\n<li><a href=\"https:\/\/help.ubuntu.com\/community\/UbuntuStudioPreparation\">Ubuntu Studio Preparation<\/a>\u00a0&#8211; Reference guide leading to the creation of Ubuntu Studio distribution in 2010; co-author, maintainer from 2007 to 2015<\/li>\n<li>Ubuntu Studio creation, Ubuntu Developer Summit, November 2006 at Google Headquarters, California; invited to meet Canonical team in order to create a dedicated Ubuntu flavour for multimedia production<\/li>\n<\/ul>\n<p><strong>Framasoft:<\/strong><\/p>\n<ul>\n<li><a href=\"https:\/\/framasoft.org\/logiciels\/article3658.html\">Installation compl\u00e9mentaire d\u2019Ubuntu avec Synaptic<\/a>\u00a0&#8211; 2005<\/li>\n<li><a href=\"https:\/\/framasoft.org\/logiciels\/article3769.html\">Installer Xampp pour Linux (Ubuntu)<\/a> &#8211; 2005<\/li>\n<li><a href=\"https:\/\/forum.framasoft.org\/memberlist.php?mode=viewprofile&amp;u=3123\">Forum moderator<\/a>\u00a0&#8211; 2005 -&gt; 2007<\/li>\n<\/ul>\n","protected":false},"excerpt":{"rendered":"<p>This list is a selection and is not comprehensive. Cette liste est une s\u00e9lection et n&#8217;est pas exhaustive. Hyland: TLDR: Docker and legal compliance &#8211; 2023 &#8211; Best practices about distributing software with Docker image and Docker files. TLDR: the LGPL license explained &#8211; 2023 &#8211; Basics about LGPL and how it applies to Alfresco [&hellip;]<\/p>\n","protected":false},"author":4,"featured_media":0,"parent":0,"menu_order":0,"comment_status":"closed","ping_status":"closed","template":"","meta":{"inline_featured_image":false,"jetpack_post_was_ever_published":false,"_locale":"en_US","_original_post":"1281","footnotes":""},"class_list":["post-1281","page","type-page","status-publish","hentry","en-US"],"jetpack_sharing_enabled":true,"jetpack-related-posts":[{"id":6607,"url":"https:\/\/blog.ttoine.net\/en\/talks\/","url_meta":{"origin":1281,"position":0},"title":"Talks","author":"Libre Factory Admin","date":"13 December 2024","format":false,"excerpt":"I give talks at conferences every years to share my work, including -- but not only -- about community management, developer delations, legal compliance and open source. I also organise, produce and record webinars. I have been a speaker at: Solution Linux Paris Open Source Experience Eclipse Con Linux Open\u2026","rel":"","context":"Similar post","block_context":{"text":"Similar post","link":""},"img":{"alt_text":"","src":"https:\/\/i0.wp.com\/img.youtube.com\/vi\/PLjAtGCWpLZPTjRpCAHfeFpIjBG_gyJJjQ\/0.jpg?resize=350%2C200","width":350,"height":200},"classes":[]},{"id":6618,"url":"https:\/\/blog.ttoine.net\/en\/about-open-source\/","url_meta":{"origin":1281,"position":1},"title":"About open source","author":"Antoine THOMAS","date":"13 December 2024","format":false,"excerpt":"A list of useful articles, white papers, tweets (punchlines) and a video to learn and understand open source project management, the difference between a project and products, why people contribute, and other interesting information. I built this page for I often have to share this kind of resources with my\u2026","rel":"","context":"Similar post","block_context":{"text":"Similar post","link":""},"img":{"alt_text":"","src":"https:\/\/i0.wp.com\/img.youtube.com\/vi\/a8fHgx9mE5U\/0.jpg?resize=350%2C200","width":350,"height":200},"classes":[]},{"id":1043,"url":"https:\/\/blog.ttoine.net\/en\/inspiration\/","url_meta":{"origin":1281,"position":2},"title":"Inspiration","author":"Antoine THOMAS","date":"9 May 2016","format":false,"excerpt":"I listen to a lot of music, I play it and I record it. But what I like the most are live and gigs. Here is a selection of artists and bands, not sorted, whose live performance impressed or touched me. Radiohead (x2) The Raconteurs (!!!!!!!!!!!!!!!!!!!) Beck Battles DaftPunk (Alive)\u2026","rel":"","context":"Similar post","block_context":{"text":"Similar post","link":""},"img":{"alt_text":"","src":"https:\/\/i0.wp.com\/blog.ttoine.net\/files\/2015\/10\/people-party-dancing-music.jpg?resize=350%2C200&ssl=1","width":350,"height":200,"srcset":"https:\/\/i0.wp.com\/blog.ttoine.net\/files\/2015\/10\/people-party-dancing-music.jpg?resize=350%2C200&ssl=1 1x, https:\/\/i0.wp.com\/blog.ttoine.net\/files\/2015\/10\/people-party-dancing-music.jpg?resize=525%2C300&ssl=1 1.5x, https:\/\/i0.wp.com\/blog.ttoine.net\/files\/2015\/10\/people-party-dancing-music.jpg?resize=700%2C400&ssl=1 2x, https:\/\/i0.wp.com\/blog.ttoine.net\/files\/2015\/10\/people-party-dancing-music.jpg?resize=1050%2C600&ssl=1 3x, https:\/\/i0.wp.com\/blog.ttoine.net\/files\/2015\/10\/people-party-dancing-music.jpg?resize=1400%2C800&ssl=1 4x"},"classes":[]},{"id":1050,"url":"https:\/\/blog.ttoine.net\/en\/me-contacter\/","url_meta":{"origin":1281,"position":3},"title":"Contact me","author":"Antoine THOMAS","date":"9 May 2016","format":false,"excerpt":"Contact information Antoine THOMAS 542 route des Eymards, La Sapini\u00e8re 11 38250 Lans en Vercors France T\u00e9l : +33(0)6 63 13 79 06 On the\u00a0internet Email\u00a0: contact \"at\" ttoine \"point\" net. IRC\u00a0on\u00a0Freenode : my\u00a0nickname is\u00a0ttoine. For other information, see the links. You can also use the form below or let\u2026","rel":"","context":"Similar post","block_context":{"text":"Similar post","link":""},"img":{"alt_text":"","src":"https:\/\/i0.wp.com\/blog.ttoine.net\/files\/2016\/05\/pexels-photo.jpg?resize=350%2C200&ssl=1","width":350,"height":200,"srcset":"https:\/\/i0.wp.com\/blog.ttoine.net\/files\/2016\/05\/pexels-photo.jpg?resize=350%2C200&ssl=1 1x, https:\/\/i0.wp.com\/blog.ttoine.net\/files\/2016\/05\/pexels-photo.jpg?resize=525%2C300&ssl=1 1.5x, https:\/\/i0.wp.com\/blog.ttoine.net\/files\/2016\/05\/pexels-photo.jpg?resize=700%2C400&ssl=1 2x, https:\/\/i0.wp.com\/blog.ttoine.net\/files\/2016\/05\/pexels-photo.jpg?resize=1050%2C600&ssl=1 3x, https:\/\/i0.wp.com\/blog.ttoine.net\/files\/2016\/05\/pexels-photo.jpg?resize=1400%2C800&ssl=1 4x"},"classes":[]},{"id":907,"url":"https:\/\/blog.ttoine.net\/mentions-legales\/","url_meta":{"origin":1281,"position":4},"title":"Mentions l\u00e9gales","author":"Antoine THOMAS","date":"22 January 2013","format":false,"excerpt":"Propri\u00e9t\u00e9 du site Le pr\u00e9sent site ttoine.net est la propri\u00e9t\u00e9 d'Antoine THOMAS 542 route des Eymards, la Sapini\u00e8re 11 38250 Lans en Vercors \"ttoine.net\" est une marque d\u00e9pos\u00e9e \u00e0 l'INPI par Antoine THOMAS H\u00e9bergement \u00a0 Ce site est h\u00e9berg\u00e9 sur le\u00a0Wordpress multi sites de\u00a0Libre Factory, lui m\u00eame sur un VPS\u2026","rel":"","context":"Similar post","block_context":{"text":"Similar post","link":""},"img":{"alt_text":"","src":"","width":0,"height":0},"classes":[]},{"id":161,"url":"https:\/\/blog.ttoine.net\/me-contacter\/","url_meta":{"origin":1281,"position":5},"title":"Me contacter","author":"Antoine THOMAS","date":"16 November 2010","format":false,"excerpt":"Coordonn\u00e9es Antoine THOMAS 542 route des Eymards, La Sapini\u00e8re 11 38250 Lans en Vercors France T\u00e9l : +33(0)6 63 13 79 06 Sur internet Courriel\u00a0: contact \"at\" ttoine \"point\" net. IRC sur Freenode : mon nickname est ttoine. Pour le reste, voir les liens. Vous pouvez \u00e9galement utiliser le formulaire\u2026","rel":"","context":"Similar post","block_context":{"text":"Similar post","link":""},"img":{"alt_text":"","src":"https:\/\/i0.wp.com\/blog.ttoine.net\/files\/2016\/05\/pexels-photo.jpg?resize=350%2C200&ssl=1","width":350,"height":200,"srcset":"https:\/\/i0.wp.com\/blog.ttoine.net\/files\/2016\/05\/pexels-photo.jpg?resize=350%2C200&ssl=1 1x, https:\/\/i0.wp.com\/blog.ttoine.net\/files\/2016\/05\/pexels-photo.jpg?resize=525%2C300&ssl=1 1.5x, https:\/\/i0.wp.com\/blog.ttoine.net\/files\/2016\/05\/pexels-photo.jpg?resize=700%2C400&ssl=1 2x, https:\/\/i0.wp.com\/blog.ttoine.net\/files\/2016\/05\/pexels-photo.jpg?resize=1050%2C600&ssl=1 3x, https:\/\/i0.wp.com\/blog.ttoine.net\/files\/2016\/05\/pexels-photo.jpg?resize=1400%2C800&ssl=1 4x"},"classes":[]}],"_links":{"self":[{"href":"https:\/\/blog.ttoine.net\/wp-json\/wp\/v2\/pages\/1281","targetHints":{"allow":["GET"]}}],"collection":[{"href":"https:\/\/blog.ttoine.net\/wp-json\/wp\/v2\/pages"}],"about":[{"href":"https:\/\/blog.ttoine.net\/wp-json\/wp\/v2\/types\/page"}],"author":[{"embeddable":true,"href":"https:\/\/blog.ttoine.net\/wp-json\/wp\/v2\/users\/4"}],"replies":[{"embeddable":true,"href":"https:\/\/blog.ttoine.net\/wp-json\/wp\/v2\/comments?post=1281"}],"version-history":[{"count":5,"href":"https:\/\/blog.ttoine.net\/wp-json\/wp\/v2\/pages\/1281\/revisions"}],"predecessor-version":[{"id":6649,"href":"https:\/\/blog.ttoine.net\/wp-json\/wp\/v2\/pages\/1281\/revisions\/6649"}],"wp:attachment":[{"href":"https:\/\/blog.ttoine.net\/wp-json\/wp\/v2\/media?parent=1281"}],"curies":[{"name":"wp","href":"https:\/\/api.w.org\/{rel}","templated":true}]}}