{"id":1050,"date":"2016-05-09T15:53:19","date_gmt":"2016-05-09T13:53:19","guid":{"rendered":"http:\/\/blog.ttoine.net\/?page_id=1050"},"modified":"2018-02-16T00:08:09","modified_gmt":"2018-02-15T23:08:09","slug":"me-contacter","status":"publish","type":"page","link":"https:\/\/blog.ttoine.net\/en\/me-contacter\/","title":{"rendered":"Contact me"},"content":{"rendered":"<p><span style=\"font-family: Georgia, 'Bitstream Charter', serif; line-height: 24px; font-size: 16px;\"><strong>Contact information<br \/>\n<\/strong><\/span><\/p>\n<ul>\n<li><span style=\"font-weight: normal;\">Antoine THOMAS<\/span><\/li>\n<li><span style=\"font-weight: normal;\">542 route des Eymards, La Sapini\u00e8re 11<\/span><\/li>\n<li><span style=\"font-weight: normal;\">38250 Lans en Vercors<\/span><\/li>\n<li><span style=\"font-weight: normal;\">France<\/span><\/li>\n<li><span style=\"font-weight: normal;\">T\u00e9l : +33(0)6 63 13 79 06<\/span><\/li>\n<\/ul>\n<p><strong>On the\u00a0internet<\/strong><\/p>\n<ul>\n<li><span style=\"font-weight: normal;\">Email\u00a0: contact &#8220;at&#8221; ttoine &#8220;point&#8221; net.<\/span><\/li>\n<li><span style=\"font-weight: normal;\">IRC\u00a0on\u00a0Freenode : my\u00a0nickname is\u00a0ttoine.<\/span><\/li>\n<li><span style=\"font-weight: normal;\">For other information, see the links.<\/span><\/li>\n<\/ul>\n<p>You can also use the form below or let a comment on this page, I will remove them after my answer.<\/p>\n<hr \/>\n<div data-test='contact-form'\n\t\t\tid='contact-form-1050'\n\t\t\tclass='jetpack-contact-form-container '\n\t\t\tdata-wp-interactive='jetpack\/form' data-wp-context='{\"formId\":\"1050\",\"formHash\":\"5ac619d90aadd80c701e91ed9288a548a788f274\",\"showErrors\":false,\"errors\":[],\"fields\":[],\"isMultiStep\":false,\"useAjax\":true,\"submissionData\":null,\"formattedSubmissionData\":[],\"submissionSuccess\":false,\"submissionError\":null,\"elementId\":\"jp-form-5ac619d90aadd80c701e91ed9288a548a788f274\",\"isSingleInputForm\":false,\"isForcedHorizontal\":false}'\n\t\t\tdata-wp-watch--scroll-to-wrapper=\"callbacks.scrollToWrapper\"\n\t\t>\n<div class=\"contact-form-submission contact-form-ajax-submission\" data-wp-bind--aria-hidden=\"state.isSuccessMessageAriaHidden\" data-wp-class--submission-success=\"context.submissionSuccess\" id=\"contact-form-success-5ac619d90aadd80c701e91ed9288a548a788f274\" tabindex=\"-1\" aria-labelledby=\"contact-form-success-header-5ac619d90aadd80c701e91ed9288a548a788f274\"><p class=\"go-back-message\"><a class=\"link\" role=\"button\" tabindex=\"0\" data-wp-on--click=\"actions.goBack\" href=\"\/en\/wp-json\/wp\/v2\/pages\/1050\">\u2190 Back<\/a><\/p><h4 data-wp-bind--aria-hidden=\"state.isSuccessMessageAriaHidden\" id=\"contact-form-success-header-5ac619d90aadd80c701e91ed9288a548a788f274\">Thank you for your response. \u2728<\/h4>\n\n<template data-wp-each--submission=\"context.formattedSubmissionData\">\n\t\t\t\t\t<div class=\"jetpack_forms_contact-form-success-summary\">\n\t\t\t\t\t\t<div class=\"field-name-wrapper\">\n\t\t\t\t\t\t\t<div class=\"field-type-icon\" data-wp-watch=\"callbacks.watchFieldTypeIcon\"><\/div>\n\t\t\t\t\t\t\t<div class=\"field-name\" data-wp-text=\"context.submission.label\" data-wp-bind--hidden=\"!context.submission.label\"><\/div>\n\t\t\t\t\t\t<\/div>\n\t\t\t\t\t\t<div class=\"field-value\" data-wp-text=\"context.submission.value\" data-wp-bind--hidden=\"!context.submission.showPlainValue\"><\/div>\n\t\t\t\t\t\t<a class=\"field-url\" data-wp-bind--href=\"context.submission.url\" data-wp-text=\"context.submission.value\" data-wp-bind--hidden=\"!context.submission.url\" target=\"_blank\" rel=\"noopener noreferrer\"><\/a>\n\t\t\t\t\t\t<div class=\"field-rating\" data-wp-bind--hidden=\"!context.submission.rating\" data-wp-watch=\"callbacks.watchRatingIcons\"><\/div>\n\t\t\t\t\t\t<div class=\"field-images\" data-wp-bind--hidden=\"!context.submission.images\">\n\t\t\t\t\t\t\t<template data-wp-each--image=\"context.submission.images\">\n\t\t\t\t\t\t\t\t<div class=\"field-image-option\" data-wp-class--is-empty=\"!context.image.src\">\n\t\t\t\t\t\t\t\t\t<figure class=\"field-image-option__image\" data-wp-class--is-empty=\"!context.image.src\">\n\t\t\t\t\t\t\t\t\t\t<img data-wp-bind--src=\"context.image.src\" data-wp-bind--hidden=\"!context.image.src\" \/>\n\t\t\t\t\t\t\t\t\t\t<img decoding=\"async\" src=\"data:image\/gif;base64,R0lGODlhAQABAAD\/ACwAAAAAAQABAAACADs=\" data-wp-bind--hidden=\"context.image.src\" \/>\n\t\t\t\t\t\t\t\t\t<\/figure>\n\t\t\t\t\t\t\t\t\t<div class=\"field-image-option__label-wrapper\">\n\t\t\t\t\t\t\t\t\t\t<span class=\"field-image-option__label-code\" data-wp-text=\"context.image.letterCode\"><\/span>\n\t\t\t\t\t\t\t\t\t\t<span class=\"field-image-option__label\" data-wp-text=\"context.image.label\" data-wp-bind--hidden=\"!context.image.label\"><\/span>\n\t\t\t\t\t\t\t\t\t<\/div>\n\t\t\t\t\t\t\t\t<\/div>\n\t\t\t\t\t\t\t<\/template>\n\t\t\t\t\t\t<\/div>\n\t\t\t\t\t\t<div class=\"field-files\" data-wp-bind--hidden=\"!context.submission.files\">\n\t\t\t\t\t\t\t<template data-wp-each--file=\"context.submission.files\">\n\t\t\t\t\t\t\t\t<div class=\"field-file\">\n\t\t\t\t\t\t\t\t\t<div class=\"field-file__thumbnail\" data-wp-style--background-image=\"context.file.previewUrl\" data-wp-style--mask-image=\"context.file.iconUrl\" data-wp-bind--hidden=\"!context.file.hasPreview\"><\/div>\n\t\t\t\t\t\t\t\t\t<svg class=\"field-file__icon\" data-wp-bind--hidden=\"context.file.hasPreview\" width=\"20\" height=\"20\" viewBox=\"0 0 24 24\" fill=\"none\" xmlns=\"http:\/\/www.w3.org\/2000\/svg\" aria-hidden=\"true\">\n\t\t\t\t\t\t\t\t\t\t<path d=\"M14 2H6C4.9 2 4 2.9 4 4V20C4 21.1 4.89 22 5.99 22H18C19.1 22 20 21.1 20 20V8L14 2ZM18 20H6V4H13V9H18V20Z\" fill=\"currentColor\"\/>\n\t\t\t\t\t\t\t\t\t<\/svg>\n\t\t\t\t\t\t\t\t\t<span class=\"field-file__name\" data-wp-text=\"context.file.name\"><\/span>\n\t\t\t\t\t\t\t\t\t<span class=\"field-file__size\" data-wp-text=\"context.file.size\"><\/span>\n\t\t\t\t\t\t\t\t<\/div>\n\t\t\t\t\t\t\t<\/template>\n\t\t\t\t\t\t<\/div>\n\t\t\t\t\t<\/div>\n\t\t\t\t<\/template><\/div><form action='https:\/\/blog.ttoine.net\/en\/me-contacter\/'\n\t\t\t\tid='jp-form-5ac619d90aadd80c701e91ed9288a548a788f274'\n\t\t\t\tmethod='post'\n\t\t\t\tclass='contact-form commentsblock jetpack-contact-form__form has-no-jetpack-form-layout' aria-label=\"Contact me\"\n\t\t\t\tdata-wp-on--submit=\"actions.onFormSubmit\"\n\t\t\t\tdata-wp-on--reset=\"actions.onFormReset\"\n\t\t\t\tdata-wp-class--submission-success=\"context.submissionSuccess\"\n\t\t\t\tdata-wp-class--is-first-step=\"state.isFirstStep\"\n\t\t\t\tdata-wp-class--is-last-step=\"state.isLastStep\"\n\t\t\t\tdata-wp-class--is-ajax-form=\"context.useAjax\"\n\t\t\t\tnovalidate >\n<input type='hidden' name='jetpack_contact_form_jwt' value='eyJ0eXAiOiJKV1QiLCJhbGciOiJIUzI1NiJ9.eyJlbmNyeXB0ZWRfYXR0cmlidXRlcyI6IjhuNzB3SU5tZjZudmxQanJMQjUxUVkrYXdoVGttTjFQaFl6YWR0OTMveGNmOWpIeWc5UU0rbUoyWTJ2ZWpnbjRnSkZvOTNCOFUweWdONlBTY0RvbGh1aEZiSGhTN0lBT3VFWlZibnVWdVNBRDdLRnFHR3F0MkdPNmNDQllvNEdWMFljTHRiNTJTMGVhM2gvQThPSzQ5QTVEWUdqK1dPYjZpNUs1Vm5icGpCOHdocVVSVDNLWlhzaC83alo0cGtnVHdkbVpxMnJ1VVQyMzlvMldGYTlvNUtUQS9ML0U1aVdScmVyMXdseURzeXlNVVRWVmJLeEpBb0hBRm5peFRjcmRhcEJlOEw5bDdkUmVsbk5rcytXSkp5U3M4c0N2ZHFIblRCL2M4WVE3d3hXVy9mZlZOaExYa1pXWjRVK2tFNzh5WlgxUCt5M0xFeHFFU1NmQmhTWDZicmtJQThveGlYNG1zVmV2RU1PaTQ3RC9IVnJ0ZXZUajdvTThVVkhpQmwrWFlkMjR3VzdXSHQ1VHVHTTZmWkU0MGVnR3VUaVU1Q0w3VThTdmZPcFpnWjN3dXFYTkdqSHZ4dUZjakUwZ1E0NGloRmpWSkFnYTE5a1NQdjlhMytVTWRDT2NhanlNOUpRSWR2R2FiZHlLbmRHUS9uN1JyamxudC9pYVJ4WEJEV2NWLy8wVlpoQzdXV1dXT0NzNzExZFhvc1I4RkxtaWpZbGVQOThkNkQwSmJuT09remQwd01SR1VOL2xYMUF6K3dlUUNldDkwMFhUT0ZFTG5YcEh5YkxURVJUMldvUTdGWUxKZWVycE1IRFFwQlZ6SWc0ZGVXWDNOUCtBeWh1SlczclpERlZJSlEzZDljR2lWUDR3V1pBRS9WanZCU1FnYmxTZ1FXTVR3WGRaU3hjRDFpWVp5MEZ1Mkp2UXlGRU1xZWtFN3FzY3F0Nk1lSFNlZGhjZVAveVE5M0xQVmRQN2ViSThCTGhsZnJOL1V3T0xYY1NhbzFCQ0Zvc1V0YjVYUXVKWG14eUFQWGpLa1UrdXJmTVV1OUJ6Ny9ERjA3NFpIRWpYOENacjNJTFdZckorM1YrT2xNZWFUTk5Yb09XVTdxTEVLcVRXanNkTTFkWWIwdC9jckloeE5haUwvR1RWMmV4YUkrczZHSzI0Q3BZdDg0MnZBQWM2bHVycFBDTEV6dDNmVWw0PSIsImNvbnRlbnQiOiJbY29udGFjdC1maWVsZCBsYWJlbD1cIkZpcnN0IG5hbWUgYW5kIGxhc3QgbmFtZVwiIHR5cGU9XCJuYW1lXCIgcmVxdWlyZWQ9XCIxXCJdW2NvbnRhY3QtZmllbGQgbGFiZWw9XCJFLW1haWxcIiB0eXBlPVwiZW1haWxcIiByZXF1aXJlZD1cIjFcIl1bY29udGFjdC1maWVsZCBsYWJlbD1cIldlYnNpdGVcIiB0eXBlPVwidXJsXCJdW2NvbnRhY3QtZmllbGQgbGFiZWw9XCJNZXNzYWdlXCIgdHlwZT1cInRleHRhcmVhXCJdIiwiaGFzaCI6IjVhYzYxOWQ5MGFhZGQ4MGM3MDFlOTFlZDkyODhhNTQ4YTc4OGYyNzQiLCJzb3VyY2UiOnsiZW50cnlfdGl0bGUiOiJDb250YWN0IG1lIiwiZW50cnlfcGFnZSI6MSwic291cmNlX2lkIjoxMDUwLCJzb3VyY2VfdHlwZSI6InNpbmdsZSIsInJlcXVlc3RfdXJsIjoiaHR0cHM6Ly9ibG9nLnR0b2luZS5uZXQvZW4vd3AtanNvbi93cC92Mi9wYWdlcy8xMDUwIn0sInZlcnNpb24iOjIsImNpcGhlciI6ImFlcy0yNTYtZ2NtIn0.uQaIuRIBGB2Tmb3rnCr9eyrcc9bWkrJvHEYabUBi2H8' \/>\n\n<div style=\"\"  data-wp-interactive=\"jetpack\/form\" data-wp-context='{\"fieldId\":\"g1050-firstnameandlastname\",\"fieldType\":\"name\",\"fieldLabel\":\"First name and last name\",\"fieldValue\":\"\",\"fieldPlaceholder\":\"\",\"fieldIsRequired\":\"1\",\"fieldErrorMessage\":\"\",\"fieldExtra\":[],\"formHash\":\"5ac619d90aadd80c701e91ed9288a548a788f274\"}'  class='grunion-field-name-wrap grunion-field-wrap'  data-wp-init='callbacks.initializeField' data-wp-on--jetpack-form-reset='callbacks.initializeField' >\n<label\n\t\t\t\tfor='g1050-firstnameandlastname' class=\"grunion-field-label name\" >First name and last name<span class=\"grunion-label-required\" aria-hidden=\"true\">(required)<\/span><\/label>\n<input\n\t\t\t\t\ttype='text'\n\t\t\t\t\tname='g1050-firstnameandlastname'\n\t\t\t\t\tid='g1050-firstnameandlastname'\n\t\t\t\t\tvalue=''\n\n\t\t\t\t\tdata-wp-bind--aria-invalid='state.fieldAriaInvalid'\n\t\t\t\t\tdata-wp-bind--value='state.getFieldValue'\n\t\t\t\t\taria-describedby='g1050-firstnameandlastname-text-error-message'\n\t\t\t\t\tdata-wp-on--input='actions.onFieldChange'\n\t\t\t\t\tdata-wp-on--blur='actions.onFieldBlur'\n\t\t\t\t\tdata-wp-class--has-value='state.hasFieldValue'\n\n\t\t\t\t\tclass='name  grunion-field' \n\t\t\t\t\trequired='true' aria-required='true'  \/>\n \n\t\t\t<div id=\"g1050-firstnameandlastname-text-error\" class=\"contact-form__input-error\" data-wp-class--has-errors=\"state.fieldHasErrors\">\n\t\t\t\t<span class=\"contact-form__warning-icon\" aria-hidden=\"true\">\n\t\t\t\t\t<svg width=\"16\" height=\"16\" viewBox=\"0 0 16 16\" fill=\"none\" xmlns=\"http:\/\/www.w3.org\/2000\/svg\">\n\t\t\t\t\t\t<path d=\"M8.50015 11.6402H7.50015V10.6402H8.50015V11.6402Z\" \/>\n\t\t\t\t\t\t<path d=\"M7.50015 9.64018H8.50015V6.30684H7.50015V9.64018Z\" \/>\n\t\t\t\t\t\t<path fill-rule=\"evenodd\" clip-rule=\"evenodd\" d=\"M6.98331 3.0947C7.42933 2.30177 8.57096 2.30177 9.01698 3.09469L13.8771 11.7349C14.3145 12.5126 13.7525 13.4735 12.8602 13.4735H3.14004C2.24774 13.4735 1.68575 12.5126 2.12321 11.7349L6.98331 3.0947ZM8.14541 3.58496C8.08169 3.47168 7.9186 3.47168 7.85488 3.58496L2.99478 12.2251C2.93229 12.3362 3.01257 12.4735 3.14004 12.4735H12.8602C12.9877 12.4735 13.068 12.3362 13.0055 12.2251L8.14541 3.58496Z\" \/>\n\t\t\t\t\t<\/svg>\n\t\t\t\t<\/span>\n\t\t\t\t<span data-wp-text=\"state.errorMessage\" id=\"g1050-firstnameandlastname-text-error-message\"><\/span>\n\t\t\t<\/div> \n\t<\/div>\n\n<div style=\"\"  data-wp-interactive=\"jetpack\/form\" data-wp-context='{\"fieldId\":\"g1050-email\",\"fieldType\":\"email\",\"fieldLabel\":\"E-mail\",\"fieldValue\":\"\",\"fieldPlaceholder\":\"\",\"fieldIsRequired\":\"1\",\"fieldErrorMessage\":\"\",\"fieldExtra\":[],\"formHash\":\"5ac619d90aadd80c701e91ed9288a548a788f274\"}'  class='grunion-field-email-wrap grunion-field-wrap'  data-wp-init='callbacks.initializeField' data-wp-on--jetpack-form-reset='callbacks.initializeField' >\n<label\n\t\t\t\tfor='g1050-email' class=\"grunion-field-label email\" >E-mail<span class=\"grunion-label-required\" aria-hidden=\"true\">(required)<\/span><\/label>\n<input\n\t\t\t\t\ttype='email'\n\t\t\t\t\tname='g1050-email'\n\t\t\t\t\tid='g1050-email'\n\t\t\t\t\tvalue=''\n\n\t\t\t\t\tdata-wp-bind--aria-invalid='state.fieldAriaInvalid'\n\t\t\t\t\tdata-wp-bind--value='state.getFieldValue'\n\t\t\t\t\taria-describedby='g1050-email-email-error-message'\n\t\t\t\t\tdata-wp-on--input='actions.onFieldChange'\n\t\t\t\t\tdata-wp-on--blur='actions.onFieldBlur'\n\t\t\t\t\tdata-wp-class--has-value='state.hasFieldValue'\n\n\t\t\t\t\tclass='email  grunion-field' \n\t\t\t\t\trequired='true' aria-required='true'  \/>\n \n\t\t\t<div id=\"g1050-email-email-error\" class=\"contact-form__input-error\" data-wp-class--has-errors=\"state.fieldHasErrors\">\n\t\t\t\t<span class=\"contact-form__warning-icon\" aria-hidden=\"true\">\n\t\t\t\t\t<svg width=\"16\" height=\"16\" viewBox=\"0 0 16 16\" fill=\"none\" xmlns=\"http:\/\/www.w3.org\/2000\/svg\">\n\t\t\t\t\t\t<path d=\"M8.50015 11.6402H7.50015V10.6402H8.50015V11.6402Z\" \/>\n\t\t\t\t\t\t<path d=\"M7.50015 9.64018H8.50015V6.30684H7.50015V9.64018Z\" \/>\n\t\t\t\t\t\t<path fill-rule=\"evenodd\" clip-rule=\"evenodd\" d=\"M6.98331 3.0947C7.42933 2.30177 8.57096 2.30177 9.01698 3.09469L13.8771 11.7349C14.3145 12.5126 13.7525 13.4735 12.8602 13.4735H3.14004C2.24774 13.4735 1.68575 12.5126 2.12321 11.7349L6.98331 3.0947ZM8.14541 3.58496C8.08169 3.47168 7.9186 3.47168 7.85488 3.58496L2.99478 12.2251C2.93229 12.3362 3.01257 12.4735 3.14004 12.4735H12.8602C12.9877 12.4735 13.068 12.3362 13.0055 12.2251L8.14541 3.58496Z\" \/>\n\t\t\t\t\t<\/svg>\n\t\t\t\t<\/span>\n\t\t\t\t<span data-wp-text=\"state.errorMessage\" id=\"g1050-email-email-error-message\"><\/span>\n\t\t\t<\/div> \n\t<\/div>\n\n<div style=\"\"  data-wp-interactive=\"jetpack\/form\" data-wp-context='{\"fieldId\":\"g1050-website\",\"fieldType\":\"url\",\"fieldLabel\":\"Website\",\"fieldValue\":\"\",\"fieldPlaceholder\":\"\",\"fieldIsRequired\":\"\",\"fieldErrorMessage\":\"\",\"fieldExtra\":[],\"formHash\":\"5ac619d90aadd80c701e91ed9288a548a788f274\"}'  class='grunion-field-url-wrap grunion-field-wrap'  data-wp-init='callbacks.initializeField' data-wp-on--jetpack-form-reset='callbacks.initializeField' >\n<label\n\t\t\t\tfor='g1050-website' class=\"grunion-field-label url\" >Website<\/label>\n<input\n\t\t\t\t\ttype='text'\n\t\t\t\t\tname='g1050-website'\n\t\t\t\t\tid='g1050-website'\n\t\t\t\t\tvalue=''\n\n\t\t\t\t\tdata-wp-bind--aria-invalid='state.fieldAriaInvalid'\n\t\t\t\t\tdata-wp-bind--value='state.getFieldValue'\n\t\t\t\t\taria-describedby='g1050-website-text-error-message'\n\t\t\t\t\tdata-wp-on--input='actions.onFieldChange'\n\t\t\t\t\tdata-wp-on--blur='actions.onFieldBlur'\n\t\t\t\t\tdata-wp-class--has-value='state.hasFieldValue'\n\n\t\t\t\t\tclass='url  grunion-field' \n\t\t\t\t\t \/>\n \n\t\t\t<div id=\"g1050-website-text-error\" class=\"contact-form__input-error\" data-wp-class--has-errors=\"state.fieldHasErrors\">\n\t\t\t\t<span class=\"contact-form__warning-icon\" aria-hidden=\"true\">\n\t\t\t\t\t<svg width=\"16\" height=\"16\" viewBox=\"0 0 16 16\" fill=\"none\" xmlns=\"http:\/\/www.w3.org\/2000\/svg\">\n\t\t\t\t\t\t<path d=\"M8.50015 11.6402H7.50015V10.6402H8.50015V11.6402Z\" \/>\n\t\t\t\t\t\t<path d=\"M7.50015 9.64018H8.50015V6.30684H7.50015V9.64018Z\" \/>\n\t\t\t\t\t\t<path fill-rule=\"evenodd\" clip-rule=\"evenodd\" d=\"M6.98331 3.0947C7.42933 2.30177 8.57096 2.30177 9.01698 3.09469L13.8771 11.7349C14.3145 12.5126 13.7525 13.4735 12.8602 13.4735H3.14004C2.24774 13.4735 1.68575 12.5126 2.12321 11.7349L6.98331 3.0947ZM8.14541 3.58496C8.08169 3.47168 7.9186 3.47168 7.85488 3.58496L2.99478 12.2251C2.93229 12.3362 3.01257 12.4735 3.14004 12.4735H12.8602C12.9877 12.4735 13.068 12.3362 13.0055 12.2251L8.14541 3.58496Z\" \/>\n\t\t\t\t\t<\/svg>\n\t\t\t\t<\/span>\n\t\t\t\t<span data-wp-text=\"state.errorMessage\" id=\"g1050-website-text-error-message\"><\/span>\n\t\t\t<\/div> \n\t<\/div>\n\n<div style=\"\"  data-wp-interactive=\"jetpack\/form\" data-wp-context='{\"fieldId\":\"g1050-message\",\"fieldType\":\"textarea\",\"fieldLabel\":\"Message\",\"fieldValue\":\"\",\"fieldPlaceholder\":\"\",\"fieldIsRequired\":\"\",\"fieldErrorMessage\":\"\",\"fieldExtra\":[],\"formHash\":\"5ac619d90aadd80c701e91ed9288a548a788f274\"}'  class='grunion-field-textarea-wrap grunion-field-wrap'  data-wp-init='callbacks.initializeField' data-wp-on--jetpack-form-reset='callbacks.initializeField' >\n<label\n\t\t\t\tfor='contact-form-comment-g1050-message' class=\"grunion-field-label textarea\" >Message<\/label>\n<textarea\n\t\t                style=''\n\t\t                name='g1050-message'\n\t\t                id='contact-form-comment-g1050-message'\n\t\t                rows='20'\n\t\t\t\t\t\tdata-wp-text='state.getFieldValue'\n\t\t\t\t\t\tdata-wp-on--input='actions.onFieldChange'\n\t\t\t\t\t\tdata-wp-on--blur='actions.onFieldBlur'\n\t\t\t\t\t\tdata-wp-class--has-value='state.hasFieldValue'\n\t\t\t\t\t\taria-describedby='g1050-message-textarea-error-message'\n\t\t\t\t\t\tdata-wp-bind--aria-invalid='state.fieldAriaInvalid'\n\t\t\t\t\t\tclass='textarea  grunion-field'  ><\/textarea>\n \n\t\t\t<div id=\"g1050-message-textarea-error\" class=\"contact-form__input-error\" data-wp-class--has-errors=\"state.fieldHasErrors\">\n\t\t\t\t<span class=\"contact-form__warning-icon\" aria-hidden=\"true\">\n\t\t\t\t\t<svg width=\"16\" height=\"16\" viewBox=\"0 0 16 16\" fill=\"none\" xmlns=\"http:\/\/www.w3.org\/2000\/svg\">\n\t\t\t\t\t\t<path d=\"M8.50015 11.6402H7.50015V10.6402H8.50015V11.6402Z\" \/>\n\t\t\t\t\t\t<path d=\"M7.50015 9.64018H8.50015V6.30684H7.50015V9.64018Z\" \/>\n\t\t\t\t\t\t<path fill-rule=\"evenodd\" clip-rule=\"evenodd\" d=\"M6.98331 3.0947C7.42933 2.30177 8.57096 2.30177 9.01698 3.09469L13.8771 11.7349C14.3145 12.5126 13.7525 13.4735 12.8602 13.4735H3.14004C2.24774 13.4735 1.68575 12.5126 2.12321 11.7349L6.98331 3.0947ZM8.14541 3.58496C8.08169 3.47168 7.9186 3.47168 7.85488 3.58496L2.99478 12.2251C2.93229 12.3362 3.01257 12.4735 3.14004 12.4735H12.8602C12.9877 12.4735 13.068 12.3362 13.0055 12.2251L8.14541 3.58496Z\" \/>\n\t\t\t\t\t<\/svg>\n\t\t\t\t<\/span>\n\t\t\t\t<span data-wp-text=\"state.errorMessage\" id=\"g1050-message-textarea-error-message\"><\/span>\n\t\t\t<\/div>\n\t<\/div>\n\t<p class='contact-submit'>\n<div class=\"contact-form__error\" data-wp-class--show-errors=\"state.showFormErrors\"><span class=\"contact-form__warning-icon\" aria-hidden=\"true\"><i><\/i><\/span><span class=\"contact-form__error-message\" tabindex=\"-1\" data-wp-watch=\"callbacks.focusOnValidationError\" data-wp-text=\"state.getFormErrorMessage\"><\/span><ul aria-label=\"Form errors\">\n\t\t\t\t<template data-wp-each=\"state.getErrorList\" data-wp-key=\"context.item.id\">\n\t\t\t\t\t<li><a data-wp-bind--href=\"context.item.anchor\" data-wp-on--click=\"actions.scrollIntoView\" data-wp-text=\"context.item.label\"><\/a><\/li>\n\t\t\t\t<\/template>\n\t\t\t\t<\/ul><\/div><div class=\"contact-form__error\" data-wp-class--show-errors=\"state.showSubmissionError\" data-wp-text=\"context.submissionError\" tabindex=\"-1\" data-wp-watch=\"callbacks.focusOnSubmissionError\"><\/div>\t\t<button type='submit' class='pushbutton-wide'>Submit<\/button>\t\t<input type='hidden' name='contact-form-id' value='1050' \/>\n\t\t<input type='hidden' name='action' value='grunion-contact-form' \/>\n\t\t<input type='hidden' name='contact-form-hash' value='5ac619d90aadd80c701e91ed9288a548a788f274' \/>\n\t<\/p>\n<p style=\"display: none !important;\" class=\"akismet-fields-container\" data-prefix=\"ak_\"><label>&#916;<textarea name=\"ak_hp_textarea\" cols=\"45\" rows=\"8\" maxlength=\"100\"><\/textarea><\/label><input type=\"hidden\" id=\"ak_js_1\" name=\"ak_js\" value=\"247\"\/><script type=\"text\/javascript\">\n\/* <![CDATA[ *\/\ndocument.getElementById( \"ak_js_1\" ).setAttribute( \"value\", ( new Date() ).getTime() );\n\/* ]]> *\/\n<\/script>\n<\/p><\/form>\n<\/div>\n<hr \/>\n<p>Background pictures comes from Unsplash, Pixabay, or are mine.<\/p>\n","protected":false},"excerpt":{"rendered":"<p>Contact information Antoine THOMAS 542 route des Eymards, La Sapini\u00e8re 11 38250 Lans en Vercors France T\u00e9l : +33(0)6 63 13 79 06 On the\u00a0internet Email\u00a0: contact &#8220;at&#8221; ttoine &#8220;point&#8221; net. IRC\u00a0on\u00a0Freenode : my\u00a0nickname is\u00a0ttoine. For other information, see the links. You can also use the form below or let a comment on this page, [&hellip;]<\/p>\n","protected":false},"author":4,"featured_media":1104,"parent":0,"menu_order":0,"comment_status":"closed","ping_status":"closed","template":"","meta":{"inline_featured_image":false,"jetpack_post_was_ever_published":false,"_locale":"en_US","_original_post":"161","footnotes":""},"class_list":["post-1050","page","type-page","status-publish","has-post-thumbnail","hentry","en-US"],"jetpack_sharing_enabled":true,"jetpack-related-posts":[{"id":161,"url":"https:\/\/blog.ttoine.net\/me-contacter\/","url_meta":{"origin":1050,"position":0},"title":"Me contacter","author":"Antoine THOMAS","date":"16 November 2010","format":false,"excerpt":"Coordonn\u00e9es Antoine THOMAS 542 route des Eymards, La Sapini\u00e8re 11 38250 Lans en Vercors France T\u00e9l : +33(0)6 63 13 79 06 Sur internet Courriel\u00a0: contact \"at\" ttoine \"point\" net. IRC sur Freenode : mon nickname est ttoine. Pour le reste, voir les liens. Vous pouvez \u00e9galement utiliser le formulaire\u2026","rel":"","context":"Similar post","block_context":{"text":"Similar post","link":""},"img":{"alt_text":"","src":"https:\/\/i0.wp.com\/blog.ttoine.net\/files\/2016\/05\/pexels-photo.jpg?resize=350%2C200&ssl=1","width":350,"height":200,"srcset":"https:\/\/i0.wp.com\/blog.ttoine.net\/files\/2016\/05\/pexels-photo.jpg?resize=350%2C200&ssl=1 1x, https:\/\/i0.wp.com\/blog.ttoine.net\/files\/2016\/05\/pexels-photo.jpg?resize=525%2C300&ssl=1 1.5x, https:\/\/i0.wp.com\/blog.ttoine.net\/files\/2016\/05\/pexels-photo.jpg?resize=700%2C400&ssl=1 2x, https:\/\/i0.wp.com\/blog.ttoine.net\/files\/2016\/05\/pexels-photo.jpg?resize=1050%2C600&ssl=1 3x, https:\/\/i0.wp.com\/blog.ttoine.net\/files\/2016\/05\/pexels-photo.jpg?resize=1400%2C800&ssl=1 4x"},"classes":[]},{"id":1281,"url":"https:\/\/blog.ttoine.net\/en\/publications\/","url_meta":{"origin":1050,"position":1},"title":"Publications","author":"Antoine THOMAS","date":"27 November 2017","format":false,"excerpt":"This list is a selection and is not comprehensive. Cette liste est une s\u00e9lection et n'est pas exhaustive. Hyland: TLDR: Docker and legal compliance - 2023 - Best practices about distributing software with Docker image and Docker files. TLDR: the LGPL license explained - 2023 - Basics about LGPL and\u2026","rel":"","context":"Similar post","block_context":{"text":"Similar post","link":""},"img":{"alt_text":"","src":"","width":0,"height":0},"classes":[]},{"id":6607,"url":"https:\/\/blog.ttoine.net\/en\/talks\/","url_meta":{"origin":1050,"position":2},"title":"Talks","author":"Libre Factory Admin","date":"13 December 2024","format":false,"excerpt":"I give talks at conferences every years to share my work, including -- but not only -- about community management, developer delations, legal compliance and open source. I also organise, produce and record webinars. I have been a speaker at: Solution Linux Paris Open Source Experience Eclipse Con Linux Open\u2026","rel":"","context":"Similar post","block_context":{"text":"Similar post","link":""},"img":{"alt_text":"","src":"https:\/\/i0.wp.com\/img.youtube.com\/vi\/PLjAtGCWpLZPTjRpCAHfeFpIjBG_gyJJjQ\/0.jpg?resize=350%2C200","width":350,"height":200},"classes":[]},{"id":907,"url":"https:\/\/blog.ttoine.net\/mentions-legales\/","url_meta":{"origin":1050,"position":3},"title":"Mentions l\u00e9gales","author":"Antoine THOMAS","date":"22 January 2013","format":false,"excerpt":"Propri\u00e9t\u00e9 du site Le pr\u00e9sent site ttoine.net est la propri\u00e9t\u00e9 d'Antoine THOMAS 542 route des Eymards, la Sapini\u00e8re 11 38250 Lans en Vercors \"ttoine.net\" est une marque d\u00e9pos\u00e9e \u00e0 l'INPI par Antoine THOMAS H\u00e9bergement \u00a0 Ce site est h\u00e9berg\u00e9 sur le\u00a0Wordpress multi sites de\u00a0Libre Factory, lui m\u00eame sur un VPS\u2026","rel":"","context":"Similar post","block_context":{"text":"Similar post","link":""},"img":{"alt_text":"","src":"","width":0,"height":0},"classes":[]},{"id":1043,"url":"https:\/\/blog.ttoine.net\/en\/inspiration\/","url_meta":{"origin":1050,"position":4},"title":"Inspiration","author":"Antoine THOMAS","date":"9 May 2016","format":false,"excerpt":"I listen to a lot of music, I play it and I record it. But what I like the most are live and gigs. Here is a selection of artists and bands, not sorted, whose live performance impressed or touched me. Radiohead (x2) The Raconteurs (!!!!!!!!!!!!!!!!!!!) Beck Battles DaftPunk (Alive)\u2026","rel":"","context":"Similar post","block_context":{"text":"Similar post","link":""},"img":{"alt_text":"","src":"https:\/\/i0.wp.com\/blog.ttoine.net\/files\/2015\/10\/people-party-dancing-music.jpg?resize=350%2C200&ssl=1","width":350,"height":200,"srcset":"https:\/\/i0.wp.com\/blog.ttoine.net\/files\/2015\/10\/people-party-dancing-music.jpg?resize=350%2C200&ssl=1 1x, https:\/\/i0.wp.com\/blog.ttoine.net\/files\/2015\/10\/people-party-dancing-music.jpg?resize=525%2C300&ssl=1 1.5x, https:\/\/i0.wp.com\/blog.ttoine.net\/files\/2015\/10\/people-party-dancing-music.jpg?resize=700%2C400&ssl=1 2x, https:\/\/i0.wp.com\/blog.ttoine.net\/files\/2015\/10\/people-party-dancing-music.jpg?resize=1050%2C600&ssl=1 3x, https:\/\/i0.wp.com\/blog.ttoine.net\/files\/2015\/10\/people-party-dancing-music.jpg?resize=1400%2C800&ssl=1 4x"},"classes":[]},{"id":514,"url":"https:\/\/blog.ttoine.net\/accueil\/","url_meta":{"origin":1050,"position":5},"title":"Accueil","author":"Antoine THOMAS","date":"14 February 2012","format":false,"excerpt":"Les r\u00e9seaux sociaux sont trop dans l'instantan\u00e9. Ce blog existe pour partager des choses que je veux pouvoir retrouver plus tard.","rel":"","context":"Similar post","block_context":{"text":"Similar post","link":""},"img":{"alt_text":"","src":"","width":0,"height":0},"classes":[]}],"_links":{"self":[{"href":"https:\/\/blog.ttoine.net\/wp-json\/wp\/v2\/pages\/1050","targetHints":{"allow":["GET"]}}],"collection":[{"href":"https:\/\/blog.ttoine.net\/wp-json\/wp\/v2\/pages"}],"about":[{"href":"https:\/\/blog.ttoine.net\/wp-json\/wp\/v2\/types\/page"}],"author":[{"embeddable":true,"href":"https:\/\/blog.ttoine.net\/wp-json\/wp\/v2\/users\/4"}],"replies":[{"embeddable":true,"href":"https:\/\/blog.ttoine.net\/wp-json\/wp\/v2\/comments?post=1050"}],"version-history":[{"count":6,"href":"https:\/\/blog.ttoine.net\/wp-json\/wp\/v2\/pages\/1050\/revisions"}],"predecessor-version":[{"id":1330,"href":"https:\/\/blog.ttoine.net\/wp-json\/wp\/v2\/pages\/1050\/revisions\/1330"}],"wp:featuredmedia":[{"embeddable":true,"href":"https:\/\/blog.ttoine.net\/wp-json\/wp\/v2\/media\/1104"}],"wp:attachment":[{"href":"https:\/\/blog.ttoine.net\/wp-json\/wp\/v2\/media?parent=1050"}],"curies":[{"name":"wp","href":"https:\/\/api.w.org\/{rel}","templated":true}]}}