{"id":1043,"date":"2016-05-09T15:48:19","date_gmt":"2016-05-09T13:48:19","guid":{"rendered":"http:\/\/blog.ttoine.net\/?page_id=1043"},"modified":"2024-12-13T15:34:50","modified_gmt":"2024-12-13T14:34:50","slug":"inspiration","status":"publish","type":"page","link":"https:\/\/blog.ttoine.net\/en\/inspiration\/","title":{"rendered":"Inspiration"},"content":{"rendered":"<p>I listen to a lot of music, I play it and I record it. But what I like the most are live and gigs. Here is a selection of artists and bands, not sorted, whose live performance impressed or touched me.<\/p>\n<ul>\n<li>Radiohead (x2)<\/li>\n<li>The Raconteurs (!!!!!!!!!!!!!!!!!!!)<\/li>\n<li>Beck<\/li>\n<li>Battles<\/li>\n<li>DaftPunk (Alive)<\/li>\n<li>Chemical Brothers<\/li>\n<li>Muse (x4)<\/li>\n<li>Neil Young<\/li>\n<li>Tony Allen<\/li>\n<li>Richard Bona<\/li>\n<li>Moriarty<\/li>\n<li>Christine &amp; The Queen<\/li>\n<li>Arctic Monkeys<\/li>\n<li>Philippe Katerine<\/li>\n<li>Poil (x4)<\/li>\n<li>Ni!<\/li>\n<li>John Spencer Blues Explosion (x2)<\/li>\n<li>Dan Ar Braz &amp; H\u00e9ritage des Celtes<\/li>\n<li>Matmatah<\/li>\n<li>Philip Glass<\/li>\n<li>Jacques Higelain<\/li>\n<li>Brigitte<\/li>\n<li>Archive<\/li>\n<li>Tina Turner<\/li>\n<li>Angus &amp; Julia Stone<\/li>\n<li>Ben Harper &amp; The Innocent Criminals (x2)<\/li>\n<li>Didi Bridgewater with Malian Ochestra<\/li>\n<li>Eric Truffaz<\/li>\n<li>Tiken Jah Fakoly<\/li>\n<li>Amadou et Mariam<\/li>\n<li>Deluxe<\/li>\n<li>The Tallest Man On Earth<\/li>\n<li>Brigitte<\/li>\n<li>Bumcello (x2)<\/li>\n<li>Manu Dibango, Tony Allen &amp; Femi Kuti<\/li>\n<li>Laurent Garnier<\/li>\n<li>Gorillaz<\/li>\n<li>The EX<\/li>\n<li>Deerhoof<\/li>\n<li>Nada Surf<\/li>\n<li>Dionysos (x2)<\/li>\n<li>Slash<\/li>\n<li>Camille<\/li>\n<li>John Butler<\/li>\n<li>Walk Off The Earth<\/li>\n<li>Lysistrata<\/li>\n<li>-M-<\/li>\n<li>M\u00e5neskin<\/li>\n<li>Ed Sheeran<\/li>\n<li>The Hives<\/li>\n<li>Phoenix<\/li>\n<\/ul>\n<p>A few very bad gigs, surprisingly:<\/p>\n<ul>\n<li>The Strokes<\/li>\n<li>Depeche Mode<\/li>\n<li>David Guetta<\/li>\n<li>Deftones<\/li>\n<\/ul>\n<p>Among those I didn&#8217;t had the chance to see in live, here is a small selection of artist, who, in my point of view, have really interesting records.<\/p>\n<ul>\n<li>The White Stripes<\/li>\n<li>Aphex Twin<\/li>\n<li>Portishead<\/li>\n<li>Bon Iver<\/li>\n<li>Elliott Smith<\/li>\n<li>Ray LaMontagne<\/li>\n<li>Tahiti 80<\/li>\n<li>Rage Against The Machine<\/li>\n<li>The President of the USA<\/li>\n<li>Rhin\u00f4c\u00e9r\u00f4se<\/li>\n<li>CocoRosie<\/li>\n<\/ul>\n<p>Finally, here is a very short selection of book I have read in English, even if I am totally aware that those are best sellers. Being able to read them in the language of their author was far more pleasant than their french translation.<\/p>\n<ul>\n<li>The Lord of the Rings<\/li>\n<li>Dead Poets Society<\/li>\n<li>Peter Principle<\/li>\n<\/ul>\n","protected":false},"excerpt":{"rendered":"<p>I listen to a lot of music, I play it and I record it. But what I like the most are live and gigs. Here is a selection of artists and bands, not sorted, whose live performance impressed or touched me. Radiohead (x2) The Raconteurs (!!!!!!!!!!!!!!!!!!!) Beck Battles DaftPunk (Alive) Chemical Brothers Muse (x4) Neil [&hellip;]<\/p>\n","protected":false},"author":4,"featured_media":1103,"parent":0,"menu_order":0,"comment_status":"closed","ping_status":"closed","template":"","meta":{"inline_featured_image":false,"jetpack_post_was_ever_published":false,"_locale":"en_US","_original_post":"1010","footnotes":""},"class_list":["post-1043","page","type-page","status-publish","has-post-thumbnail","hentry","en-US"],"jetpack_sharing_enabled":true,"jetpack-related-posts":[],"_links":{"self":[{"href":"https:\/\/blog.ttoine.net\/wp-json\/wp\/v2\/pages\/1043","targetHints":{"allow":["GET"]}}],"collection":[{"href":"https:\/\/blog.ttoine.net\/wp-json\/wp\/v2\/pages"}],"about":[{"href":"https:\/\/blog.ttoine.net\/wp-json\/wp\/v2\/types\/page"}],"author":[{"embeddable":true,"href":"https:\/\/blog.ttoine.net\/wp-json\/wp\/v2\/users\/4"}],"replies":[{"embeddable":true,"href":"https:\/\/blog.ttoine.net\/wp-json\/wp\/v2\/comments?post=1043"}],"version-history":[{"count":5,"href":"https:\/\/blog.ttoine.net\/wp-json\/wp\/v2\/pages\/1043\/revisions"}],"predecessor-version":[{"id":6621,"href":"https:\/\/blog.ttoine.net\/wp-json\/wp\/v2\/pages\/1043\/revisions\/6621"}],"wp:featuredmedia":[{"embeddable":true,"href":"https:\/\/blog.ttoine.net\/wp-json\/wp\/v2\/media\/1103"}],"wp:attachment":[{"href":"https:\/\/blog.ttoine.net\/wp-json\/wp\/v2\/media?parent=1043"}],"curies":[{"name":"wp","href":"https:\/\/api.w.org\/{rel}","templated":true}]}}